{"id":1127,"date":"2023-05-05T10:36:43","date_gmt":"2023-05-05T01:36:43","guid":{"rendered":"https:\/\/portal.municipio.gov.tl\/?page_id=1127"},"modified":"2023-05-12T10:33:46","modified_gmt":"2023-05-12T01:33:46","slug":"balkaun-uniku","status":"publish","type":"page","link":"https:\/\/portal.municipio.gov.tl\/pt\/balkaun-uniku\/","title":{"rendered":"Balkaun \u00daniku"},"content":{"rendered":"\n<p>Balkaun \u00faniku \u00e9 uma inova\u00e7\u00e3o que fornece informa\u00e7\u00f5es e servi\u00e7os p\u00fablicos para os cidad\u00e3os e para os sect\u00f3res privados. Como novo modelo de servi\u00e7o que oferece aten\u00e7\u00e3o personalizada no espa\u00e7o f\u00edsico a n\u00edvel local<\/p>\n","protected":false},"excerpt":{"rendered":"<p>Balkaun \u00faniku \u00e9 uma inova\u00e7\u00e3o que fornece informa\u00e7\u00f5es e servi\u00e7os p\u00fablicos para os cidad\u00e3os e para os sect\u00f3res privados. Como novo modelo de servi\u00e7o que oferece aten\u00e7\u00e3o personalizada no espa\u00e7o f\u00edsico a n\u00edvel local<\/p>\n","protected":false},"author":1,"featured_media":0,"parent":0,"menu_order":0,"comment_status":"closed","ping_status":"closed","template":"templates\/template_balkaun_uniku.php","meta":{"footnotes":""},"class_list":["post-1127","page","type-page","status-publish","hentry"],"translation":{"provider":"WPGlobus","version":"3.0.2","language":"pt","enabled_languages":["tm","pt","en"],"languages":{"tm":{"title":true,"content":true,"excerpt":false},"pt":{"title":true,"content":true,"excerpt":false},"en":{"title":true,"content":true,"excerpt":false}}},"_links":{"self":[{"href":"https:\/\/portal.municipio.gov.tl\/pt\/wp-json\/wp\/v2\/pages\/1127","targetHints":{"allow":["GET"]}}],"collection":[{"href":"https:\/\/portal.municipio.gov.tl\/pt\/wp-json\/wp\/v2\/pages"}],"about":[{"href":"https:\/\/portal.municipio.gov.tl\/pt\/wp-json\/wp\/v2\/types\/page"}],"author":[{"embeddable":true,"href":"https:\/\/portal.municipio.gov.tl\/pt\/wp-json\/wp\/v2\/users\/1"}],"replies":[{"embeddable":true,"href":"https:\/\/portal.municipio.gov.tl\/pt\/wp-json\/wp\/v2\/comments?post=1127"}],"version-history":[{"count":6,"href":"https:\/\/portal.municipio.gov.tl\/pt\/wp-json\/wp\/v2\/pages\/1127\/revisions"}],"predecessor-version":[{"id":1173,"href":"https:\/\/portal.municipio.gov.tl\/pt\/wp-json\/wp\/v2\/pages\/1127\/revisions\/1173"}],"wp:attachment":[{"href":"https:\/\/portal.municipio.gov.tl\/pt\/wp-json\/wp\/v2\/media?parent=1127"}],"curies":[{"name":"wp","href":"https:\/\/api.w.org\/{rel}","templated":true}]}}